{"id":793,"date":"2021-02-13T06:40:41","date_gmt":"2021-02-13T06:40:41","guid":{"rendered":"http:\/\/web.mbf-s.de\/?page_id=793"},"modified":"2021-08-31T14:39:59","modified_gmt":"2021-08-31T14:39:59","slug":"anlagendaten-2","status":"publish","type":"page","link":"https:\/\/mbf-s.de\/?page_id=793","title":{"rendered":"Anlagendaten"},"content":{"rendered":"\n<figure class=\"wp-block-image size-large\"><img decoding=\"async\" loading=\"lazy\" width=\"569\" height=\"204\" src=\"http:\/\/web.mbf-s.de\/wp-content\/uploads\/2021\/08\/Gleisplan_2-1.png\" alt=\"\" class=\"wp-image-851\" srcset=\"https:\/\/mbf-s.de\/wp-content\/uploads\/2021\/08\/Gleisplan_2-1.png 569w, https:\/\/mbf-s.de\/wp-content\/uploads\/2021\/08\/Gleisplan_2-1-300x108.png 300w\" sizes=\"(max-width: 569px) 100vw, 569px\" \/><\/figure>\n\n\n\n<div class=\"is-layout-flex wp-container-3 wp-block-columns\">\n<div class=\"is-layout-flow wp-block-column\" style=\"flex-basis:50%\">\n<p><strong>Dreileiter H0:<\/strong><\/p>\n\n\n\n<figure class=\"wp-block-image size-large is-resized\"><img decoding=\"async\" loading=\"lazy\" src=\"http:\/\/web.mbf-s.de\/wp-content\/uploads\/2021\/02\/Schleifer_1.png\" alt=\"\" class=\"wp-image-803\" width=\"89\" height=\"37\"\/><\/figure>\n<\/div>\n\n\n\n<div class=\"is-layout-flow wp-block-column\" style=\"flex-basis:50%\">\n<ul><li>117 Weichen<\/li><li>85  Signale<\/li><li>73 Bl\u00f6cke<\/li><li>2 Bahnh\u00f6fe<\/li><li>3 Schattenbahnh\u00f6fe<\/li><li>1 Aufstellblock<\/li><li>Streckenl\u00e4nge 500m<\/li><li>35 Z\u00fcge<\/li><\/ul>\n<\/div>\n<\/div>\n\n\n\n<div class=\"is-layout-flex wp-container-6 wp-block-columns\">\n<div class=\"is-layout-flow wp-block-column\" style=\"flex-basis:50%\">\n<p><strong>Zweileiter H0:<\/strong><\/p>\n\n\n\n<figure class=\"wp-block-image size-large is-resized\"><img decoding=\"async\" loading=\"lazy\" src=\"http:\/\/web.mbf-s.de\/wp-content\/uploads\/2021\/02\/zweileiter_gleis_1.png\" alt=\"\" class=\"wp-image-804\" width=\"66\" height=\"66\" srcset=\"https:\/\/mbf-s.de\/wp-content\/uploads\/2021\/02\/zweileiter_gleis_1.png 196w, https:\/\/mbf-s.de\/wp-content\/uploads\/2021\/02\/zweileiter_gleis_1-150x150.png 150w, https:\/\/mbf-s.de\/wp-content\/uploads\/2021\/02\/zweileiter_gleis_1-90x90.png 90w, https:\/\/mbf-s.de\/wp-content\/uploads\/2021\/02\/zweileiter_gleis_1-75x75.png 75w\" sizes=\"(max-width: 66px) 100vw, 66px\" \/><\/figure>\n<\/div>\n\n\n\n<div class=\"is-layout-flow wp-block-column\" style=\"flex-basis:50%\">\n<ul><li>55 Weichen<\/li><li>15  Signale<\/li><li>35 Bl\u00f6cke<\/li><li>2 Bahnh\u00f6fe<\/li><li>2 Schattenbahnh\u00f6fe<\/li><li>6 Aufstellbl\u00f6cke<\/li><li>Streckenl\u00e4nge 230m<\/li><li>22 Z\u00fcge<\/li><\/ul>\n<\/div>\n<\/div>\n\n\n\n<div class=\"is-layout-flex wp-container-9 wp-block-columns\">\n<div class=\"is-layout-flow wp-block-column\" style=\"flex-basis:50%\">\n<p><strong>Bemo H0m:<\/strong><\/p>\n\n\n\n<figure class=\"wp-block-image size-large is-resized\"><img decoding=\"async\" loading=\"lazy\" src=\"http:\/\/web.mbf-s.de\/wp-content\/uploads\/2021\/02\/Bemo_lok_1.png\" alt=\"\" class=\"wp-image-807\" width=\"72\" height=\"72\" srcset=\"https:\/\/mbf-s.de\/wp-content\/uploads\/2021\/02\/Bemo_lok_1.png 215w, https:\/\/mbf-s.de\/wp-content\/uploads\/2021\/02\/Bemo_lok_1-150x150.png 150w, https:\/\/mbf-s.de\/wp-content\/uploads\/2021\/02\/Bemo_lok_1-90x90.png 90w, https:\/\/mbf-s.de\/wp-content\/uploads\/2021\/02\/Bemo_lok_1-75x75.png 75w\" sizes=\"(max-width: 72px) 100vw, 72px\" \/><\/figure>\n<\/div>\n\n\n\n<div class=\"is-layout-flow wp-block-column\" style=\"flex-basis:50%\">\n<ul><li>19 Weichen<\/li><li>28  Signale<\/li><li>22 Bl\u00f6cke<\/li><li>3 Bahnh\u00f6fe<\/li><li>1 Schattenbahnhof<\/li><li>2 Aufstellbl\u00f6cke<\/li><li>Streckenl\u00e4nge 150m<\/li><li>12 Z\u00fcge<\/li><\/ul>\n<\/div>\n<\/div>\n","protected":false},"excerpt":{"rendered":"<p>Dreileiter H0: 117 Weichen 85 Signale 73 Bl\u00f6cke 2 Bahnh\u00f6fe 3 Schattenbahnh\u00f6fe 1 Aufstellblock Streckenl\u00e4nge 500m 35 Z\u00fcge Zweileiter H0: 55 Weichen 15 Signale 35 Bl\u00f6cke 2 Bahnh\u00f6fe 2 Schattenbahnh\u00f6fe 6 Aufstellbl\u00f6cke Streckenl\u00e4nge 230m 22 Z\u00fcge Bemo H0m: 19 Weichen 28 Signale 22 Bl\u00f6cke 3 Bahnh\u00f6fe 1 Schattenbahnhof 2 Aufstellbl\u00f6cke Streckenl\u00e4nge 150m 12 Z\u00fcge<\/p>\n","protected":false},"author":1,"featured_media":0,"parent":0,"menu_order":0,"comment_status":"closed","ping_status":"closed","template":"","meta":[],"jetpack_sharing_enabled":true,"jetpack_shortlink":"https:\/\/wp.me\/P8mm1C-cN","_links":{"self":[{"href":"https:\/\/mbf-s.de\/index.php?rest_route=\/wp\/v2\/pages\/793"}],"collection":[{"href":"https:\/\/mbf-s.de\/index.php?rest_route=\/wp\/v2\/pages"}],"about":[{"href":"https:\/\/mbf-s.de\/index.php?rest_route=\/wp\/v2\/types\/page"}],"author":[{"embeddable":true,"href":"https:\/\/mbf-s.de\/index.php?rest_route=\/wp\/v2\/users\/1"}],"replies":[{"embeddable":true,"href":"https:\/\/mbf-s.de\/index.php?rest_route=%2Fwp%2Fv2%2Fcomments&post=793"}],"version-history":[{"count":8,"href":"https:\/\/mbf-s.de\/index.php?rest_route=\/wp\/v2\/pages\/793\/revisions"}],"predecessor-version":[{"id":852,"href":"https:\/\/mbf-s.de\/index.php?rest_route=\/wp\/v2\/pages\/793\/revisions\/852"}],"wp:attachment":[{"href":"https:\/\/mbf-s.de\/index.php?rest_route=%2Fwp%2Fv2%2Fmedia&parent=793"}],"curies":[{"name":"wp","href":"https:\/\/api.w.org\/{rel}","templated":true}]}}