{"id":1778,"date":"2026-01-21T11:41:00","date_gmt":"2026-01-21T11:41:00","guid":{"rendered":"https:\/\/mbf-s.de\/?page_id=1778"},"modified":"2026-01-22T10:22:31","modified_gmt":"2026-01-22T10:22:31","slug":"schattenbahnhofsteuerung-mit-kamera","status":"publish","type":"page","link":"https:\/\/mbf-s.de\/?page_id=1778","title":{"rendered":"Schattenbahnhofsteuerung mit Kamera"},"content":{"rendered":"<h5><strong>Schattenbahnhofsteuerung mit Kamera und Raspberry PI <\/strong><\/h5>\n<p>Die Soft- und Hardware wurde entwickelt um konventionelle Schattenbahnh\u00f6fe mit einer Automatiksteuerung nachzur\u00fcsten, ohne weitere R\u00fcckmelder mit Verkabelung installieren zu m\u00fcssen. Die Hardware kann parallel zu einer vorhanden Handsteuerung angeschlossen werden. Die Erkennung der Z\u00fcge erfolgt \u00fcber klassische Bildverarbeitung.<\/p>\n<p>Die Software wurde fast ausschlieslich mit &#8222;Vibe Coding&#8220; entwickelt.<\/p>\n<p>Hardware:<\/p>\n<ul>\n<li>Rasberry PI 5<\/li>\n<li><a href=\"https:\/\/www.reichelt.de\/de\/de\/shop\/produkt\/raspberry_pi_-_relais-modul_8_channel_hutschiene_hls8l-dc5v-s-253984?PROVID=2788&amp;gad_source=1&amp;gad_campaignid=18342381572&amp;gclid=CjwKCAiAj8LLBhAkEiwAJjbY75Lk8LpJwuhBNw1hNAEkxnQwNVbffAbWMvftUCT4qyJ3Vpd6A37AXBoCRPwQAvD_BwE\">Relais Platine<\/a><\/li>\n<\/ul>\n<p>Software:<\/p>\n<ul>\n<li>Python (OpenCV)<\/li>\n<li>Entwicklungsumgebung Visual Studio Code<\/li>\n<li>Claude Code (KI)<\/li>\n<\/ul>\n<p>Die Beschreibung zur Hard- und Software ist in der <a href=\"https:\/\/mbf-s.de\/wp-content\/uploads\/2026\/01\/hilfe.html\">Hilfedatei<\/a> zu finden.<\/p>\n<p>Das nachfolgende Video zeigt die ersten Testfahrten der Schattenbahnhofsteuerung mit Kamera \u00dcberwachung.<\/p>\n<div style=\"width: 860px;\" class=\"wp-video\"><!--[if lt IE 9]><script>document.createElement('video');<\/script><![endif]-->\n<video class=\"wp-video-shortcode\" id=\"video-1778-1\" width=\"860\" height=\"445\" preload=\"metadata\" controls=\"controls\"><source type=\"video\/mp4\" src=\"https:\/\/mbf-s.de\/wp-content\/uploads\/2026\/01\/Video_1.mp4?_=1\" \/><a href=\"https:\/\/mbf-s.de\/wp-content\/uploads\/2026\/01\/Video_1.mp4\">https:\/\/mbf-s.de\/wp-content\/uploads\/2026\/01\/Video_1.mp4<\/a><\/video><\/div>\n<p>Noch zu erledigen:<\/p>\n<ul>\n<li>Aufr\u00e4umen der Oberfl\u00e4che (UI)<\/li>\n<li>Test mit Rocrail (digitale Weichen und Z\u00fcge)<\/li>\n<li>Ausf\u00fchrbare Datei erstellen<\/li>\n<\/ul>\n<p>&nbsp;<\/p>\n<p>Mit KI erstellt:<\/p>\n<p><img decoding=\"async\" loading=\"lazy\" class=\"alignnone size-large wp-image-1804\" src=\"https:\/\/mbf-s.de\/wp-content\/uploads\/2026\/01\/schattenbahnhof_1-1024x572.png\" alt=\"\" width=\"860\" height=\"480\" srcset=\"https:\/\/mbf-s.de\/wp-content\/uploads\/2026\/01\/schattenbahnhof_1-1024x572.png 1024w, https:\/\/mbf-s.de\/wp-content\/uploads\/2026\/01\/schattenbahnhof_1-300x167.png 300w, https:\/\/mbf-s.de\/wp-content\/uploads\/2026\/01\/schattenbahnhof_1-768x429.png 768w, https:\/\/mbf-s.de\/wp-content\/uploads\/2026\/01\/schattenbahnhof_1-1536x857.png 1536w, https:\/\/mbf-s.de\/wp-content\/uploads\/2026\/01\/schattenbahnhof_1-2048x1143.png 2048w, https:\/\/mbf-s.de\/wp-content\/uploads\/2026\/01\/schattenbahnhof_1-450x250.png 450w\" sizes=\"(max-width: 860px) 100vw, 860px\" \/><\/p>\n<p><img decoding=\"async\" loading=\"lazy\" class=\"alignnone size-large wp-image-1805\" src=\"https:\/\/mbf-s.de\/wp-content\/uploads\/2026\/01\/schattenbahnhof_2-572x1024.png\" alt=\"\" width=\"572\" height=\"1024\" srcset=\"https:\/\/mbf-s.de\/wp-content\/uploads\/2026\/01\/schattenbahnhof_2-572x1024.png 572w, https:\/\/mbf-s.de\/wp-content\/uploads\/2026\/01\/schattenbahnhof_2-167x300.png 167w, https:\/\/mbf-s.de\/wp-content\/uploads\/2026\/01\/schattenbahnhof_2-768x1376.png 768w, https:\/\/mbf-s.de\/wp-content\/uploads\/2026\/01\/schattenbahnhof_2-857x1536.png 857w, https:\/\/mbf-s.de\/wp-content\/uploads\/2026\/01\/schattenbahnhof_2-1143x2048.png 1143w, https:\/\/mbf-s.de\/wp-content\/uploads\/2026\/01\/schattenbahnhof_2.png 1536w\" sizes=\"(max-width: 572px) 100vw, 572px\" \/><\/p>\n","protected":false},"excerpt":{"rendered":"<p>Schattenbahnhofsteuerung mit Kamera und Raspberry PI Die Soft- und Hardware wurde entwickelt um konventionelle Schattenbahnh\u00f6fe mit einer Automatiksteuerung nachzur\u00fcsten, ohne weitere R\u00fcckmelder mit Verkabelung installieren zu m\u00fcssen. Die Hardware kann parallel zu einer vorhanden Handsteuerung angeschlossen werden. Die Erkennung der Z\u00fcge erfolgt \u00fcber klassische Bildverarbeitung. Die Software wurde fast ausschlieslich mit &#8222;Vibe Coding&#8220; entwickelt. Hardware: Rasberry PI 5 Relais Platine<\/p>\n","protected":false},"author":1,"featured_media":0,"parent":0,"menu_order":0,"comment_status":"closed","ping_status":"closed","template":"","meta":[],"jetpack_sharing_enabled":true,"jetpack_shortlink":"https:\/\/wp.me\/P8mm1C-sG","_links":{"self":[{"href":"https:\/\/mbf-s.de\/index.php?rest_route=\/wp\/v2\/pages\/1778"}],"collection":[{"href":"https:\/\/mbf-s.de\/index.php?rest_route=\/wp\/v2\/pages"}],"about":[{"href":"https:\/\/mbf-s.de\/index.php?rest_route=\/wp\/v2\/types\/page"}],"author":[{"embeddable":true,"href":"https:\/\/mbf-s.de\/index.php?rest_route=\/wp\/v2\/users\/1"}],"replies":[{"embeddable":true,"href":"https:\/\/mbf-s.de\/index.php?rest_route=%2Fwp%2Fv2%2Fcomments&post=1778"}],"version-history":[{"count":21,"href":"https:\/\/mbf-s.de\/index.php?rest_route=\/wp\/v2\/pages\/1778\/revisions"}],"predecessor-version":[{"id":1812,"href":"https:\/\/mbf-s.de\/index.php?rest_route=\/wp\/v2\/pages\/1778\/revisions\/1812"}],"wp:attachment":[{"href":"https:\/\/mbf-s.de\/index.php?rest_route=%2Fwp%2Fv2%2Fmedia&parent=1778"}],"curies":[{"name":"wp","href":"https:\/\/api.w.org\/{rel}","templated":true}]}}