{"id":165,"date":"2017-02-08T07:09:10","date_gmt":"2017-02-08T07:09:10","guid":{"rendered":"http:\/\/web.mbf-s.de\/?page_id=165"},"modified":"2022-01-12T12:13:52","modified_gmt":"2022-01-12T12:13:52","slug":"die-steuerung","status":"publish","type":"page","link":"https:\/\/mbf-s.de\/?page_id=165","title":{"rendered":"Steuerung"},"content":{"rendered":"<table style=\"height: 411px;\" width=\"1000\">\n<tbody>\n<tr>\n<td style=\"width: 500px; vertical-align: top;\" width=\"500\">\n<h4>Wechselstrom H0:<\/h4>\n<p>Die Steuerung der Weichen und Signale erfolgt digital \u00fcber PC mit der Software <a href=\"http:\/\/wiki.rocrail.net\/doku.php?id=start-de\">Rocrail<\/a> und der Intellibox von Uhlenbrock. Die Z\u00fcge werden mit der ECOS der Firma ESU gesteuert.<\/p>\n<h4>Gleichstrom H0:<\/h4>\n<p>Die Z\u00fcge, Weichen und Signale werden mit der ECOS gesteuert. Vollautomatischer Betrieb mit Rocrail und ECOS.<\/p>\n<h4>Bemo H0m:<\/h4>\n<p>Die Z\u00fcge, Weichen und Signale werden komplett \u00fcber Rocrail gesteuert. Hierbei wird auch die ECOS als Interface zwischen Rocrail und der Modellbahnanalge verwendet.<\/td>\n<td width=\"500\"><img decoding=\"async\" loading=\"lazy\" class=\"alignnone size-medium wp-image-176\" src=\"http:\/\/web.mbf-s.de\/wp-content\/uploads\/2017\/02\/Bemo_01-300x181.png\" alt=\"\" width=\"300\" height=\"181\" srcset=\"https:\/\/mbf-s.de\/wp-content\/uploads\/2017\/02\/Bemo_01-300x181.png 300w, https:\/\/mbf-s.de\/wp-content\/uploads\/2017\/02\/Bemo_01-768x464.png 768w, https:\/\/mbf-s.de\/wp-content\/uploads\/2017\/02\/Bemo_01-1024x619.png 1024w, https:\/\/mbf-s.de\/wp-content\/uploads\/2017\/02\/Bemo_01-500x300.png 500w, https:\/\/mbf-s.de\/wp-content\/uploads\/2017\/02\/Bemo_01.png 1676w\" sizes=\"(max-width: 300px) 100vw, 300px\" \/><img decoding=\"async\" loading=\"lazy\" class=\"alignnone size-medium wp-image-171\" src=\"http:\/\/web.mbf-s.de\/wp-content\/uploads\/2017\/02\/CIMG1425-300x225.jpg\" alt=\"\" width=\"300\" height=\"225\" srcset=\"https:\/\/mbf-s.de\/wp-content\/uploads\/2017\/02\/CIMG1425-300x225.jpg 300w, https:\/\/mbf-s.de\/wp-content\/uploads\/2017\/02\/CIMG1425-768x576.jpg 768w, https:\/\/mbf-s.de\/wp-content\/uploads\/2017\/02\/CIMG1425-1024x768.jpg 1024w, https:\/\/mbf-s.de\/wp-content\/uploads\/2017\/02\/CIMG1425.jpg 2048w\" sizes=\"(max-width: 300px) 100vw, 300px\" \/><img decoding=\"async\" loading=\"lazy\" class=\"alignnone size-medium wp-image-86\" src=\"http:\/\/web.mbf-s.de\/wp-content\/uploads\/2017\/02\/mbfs_11-300x225.png\" alt=\"\" width=\"300\" height=\"225\" srcset=\"https:\/\/mbf-s.de\/wp-content\/uploads\/2017\/02\/mbfs_11-300x225.png 300w, https:\/\/mbf-s.de\/wp-content\/uploads\/2017\/02\/mbfs_11.png 568w\" sizes=\"(max-width: 300px) 100vw, 300px\" \/><\/td>\n<\/tr>\n<\/tbody>\n<\/table>\n<p><\/p>\n","protected":false},"excerpt":{"rendered":"<p>Wechselstrom H0: Die Steuerung der Weichen und Signale erfolgt digital \u00fcber PC mit der Software Rocrail und der Intellibox von Uhlenbrock. Die Z\u00fcge werden mit der ECOS der Firma ESU gesteuert. Gleichstrom H0: Die Z\u00fcge, Weichen und Signale werden mit der ECOS gesteuert. Vollautomatischer Betrieb mit Rocrail und ECOS. Bemo H0m: Die Z\u00fcge, Weichen und Signale werden komplett \u00fcber Rocrail<\/p>\n","protected":false},"author":1,"featured_media":0,"parent":0,"menu_order":0,"comment_status":"closed","ping_status":"closed","template":"","meta":[],"jetpack_sharing_enabled":true,"jetpack_shortlink":"https:\/\/wp.me\/P8mm1C-2F","_links":{"self":[{"href":"https:\/\/mbf-s.de\/index.php?rest_route=\/wp\/v2\/pages\/165"}],"collection":[{"href":"https:\/\/mbf-s.de\/index.php?rest_route=\/wp\/v2\/pages"}],"about":[{"href":"https:\/\/mbf-s.de\/index.php?rest_route=\/wp\/v2\/types\/page"}],"author":[{"embeddable":true,"href":"https:\/\/mbf-s.de\/index.php?rest_route=\/wp\/v2\/users\/1"}],"replies":[{"embeddable":true,"href":"https:\/\/mbf-s.de\/index.php?rest_route=%2Fwp%2Fv2%2Fcomments&post=165"}],"version-history":[{"count":8,"href":"https:\/\/mbf-s.de\/index.php?rest_route=\/wp\/v2\/pages\/165\/revisions"}],"predecessor-version":[{"id":915,"href":"https:\/\/mbf-s.de\/index.php?rest_route=\/wp\/v2\/pages\/165\/revisions\/915"}],"wp:attachment":[{"href":"https:\/\/mbf-s.de\/index.php?rest_route=%2Fwp%2Fv2%2Fmedia&parent=165"}],"curies":[{"name":"wp","href":"https:\/\/api.w.org\/{rel}","templated":true}]}}